{"id":17,"date":"2016-01-26T22:26:46","date_gmt":"2016-01-26T22:26:46","guid":{"rendered":"http:\/\/vizyonyemek.com\/?page_id=17"},"modified":"2023-01-02T20:48:00","modified_gmt":"2023-01-02T20:48:00","slug":"referanslar","status":"publish","type":"page","link":"https:\/\/vizyonyemek.com\/?page_id=17","title":{"rendered":"REFERANSLAR"},"content":{"rendered":"<p><img loading=\"lazy\" decoding=\"async\" class=\"alignnone wp-image-83 size-full\" src=\"http:\/\/vizyonyemek.com\/wp-content\/uploads\/2016\/01\/REFERANSLARIMIZ333.jpg\" alt=\"REFERANSLARIMIZ333\" width=\"1280\" height=\"465\" srcset=\"https:\/\/vizyonyemek.com\/wp-content\/uploads\/2016\/01\/REFERANSLARIMIZ333.jpg 1280w, https:\/\/vizyonyemek.com\/wp-content\/uploads\/2016\/01\/REFERANSLARIMIZ333-300x109.jpg 300w, https:\/\/vizyonyemek.com\/wp-content\/uploads\/2016\/01\/REFERANSLARIMIZ333-768x279.jpg 768w, https:\/\/vizyonyemek.com\/wp-content\/uploads\/2016\/01\/REFERANSLARIMIZ333-1024x372.jpg 1024w\" sizes=\"(max-width: 1280px) 100vw, 1280px\" \/><\/p>\n<h2 style=\"text-align: center;\">REFERANS L\u0130STEM\u0130Z \u0130\u00c7\u0130N L\u00dcTFEN B\u0130Z\u0130M \u0130LE \u0130LET\u0130\u015e\u0130ME GE\u00c7\u0130N\u0130Z<\/h2>\n<h2 style=\"text-align: center;\"><a href=\"http:\/\/vizyonyemek.com\/?page_id=19\">\u0130LET\u0130\u015e\u0130M SAYFASI<\/a><\/h2>\n","protected":false},"excerpt":{"rendered":"<p>REFERANS L\u0130STEM\u0130Z \u0130\u00c7\u0130N L\u00dcTFEN B\u0130Z\u0130M \u0130LE \u0130LET\u0130\u015e\u0130ME GE\u00c7\u0130N\u0130Z \u0130LET\u0130\u015e\u0130M SAYFASI<\/p>\n","protected":false},"author":1,"featured_media":0,"parent":0,"menu_order":0,"comment_status":"closed","ping_status":"closed","template":"","meta":{"_et_pb_use_builder":"","_et_pb_old_content":"","_et_gb_content_width":"","footnotes":""},"class_list":["post-17","page","type-page","status-publish","hentry"],"_links":{"self":[{"href":"https:\/\/vizyonyemek.com\/index.php?rest_route=\/wp\/v2\/pages\/17","targetHints":{"allow":["GET"]}}],"collection":[{"href":"https:\/\/vizyonyemek.com\/index.php?rest_route=\/wp\/v2\/pages"}],"about":[{"href":"https:\/\/vizyonyemek.com\/index.php?rest_route=\/wp\/v2\/types\/page"}],"author":[{"embeddable":true,"href":"https:\/\/vizyonyemek.com\/index.php?rest_route=\/wp\/v2\/users\/1"}],"replies":[{"embeddable":true,"href":"https:\/\/vizyonyemek.com\/index.php?rest_route=%2Fwp%2Fv2%2Fcomments&post=17"}],"version-history":[{"count":5,"href":"https:\/\/vizyonyemek.com\/index.php?rest_route=\/wp\/v2\/pages\/17\/revisions"}],"predecessor-version":[{"id":195,"href":"https:\/\/vizyonyemek.com\/index.php?rest_route=\/wp\/v2\/pages\/17\/revisions\/195"}],"wp:attachment":[{"href":"https:\/\/vizyonyemek.com\/index.php?rest_route=%2Fwp%2Fv2%2Fmedia&parent=17"}],"curies":[{"name":"wp","href":"https:\/\/api.w.org\/{rel}","templated":true}]}}